{"id":34,"date":"2024-03-13T18:41:09","date_gmt":"2024-03-13T18:41:09","guid":{"rendered":"https:\/\/rutapanamaeste-asp-prd001.azurewebsites.net\/?page_id=34"},"modified":"2025-05-08T20:20:13","modified_gmt":"2025-05-08T20:20:13","slug":"talento","status":"publish","type":"page","link":"https:\/\/www.rutadeleste.pa\/en\/talento\/","title":{"rendered":"Talent"},"content":{"rendered":"<div data-elementor-type=\"wp-page\" data-elementor-id=\"34\" class=\"elementor elementor-34\" data-elementor-post-type=\"page\">\n\t\t\t\t<div class=\"elementor-element elementor-element-ef6d7f9 e-con-full e-flex e-con e-parent\" data-id=\"ef6d7f9\" data-element_type=\"container\">\n\t\t\t\t<div class=\"elementor-element elementor-element-565d302 elementor-widget__width-initial elementor-widget elementor-widget-heading\" data-id=\"565d302\" data-element_type=\"widget\" data-widget_type=\"heading.default\">\n\t\t\t\t<div class=\"elementor-widget-container\">\n\t\t\t<h2 class=\"elementor-heading-title elementor-size-default\">Talent<\/h2>\t\t<\/div>\n\t\t\t\t<\/div>\n\t\t\t\t<div class=\"elementor-element elementor-element-0351f43 elementor-widget__width-initial elementor-widget elementor-widget-heading\" data-id=\"0351f43\" data-element_type=\"widget\" data-widget_type=\"heading.default\">\n\t\t\t\t<div class=\"elementor-widget-container\">\n\t\t\t<h2 class=\"elementor-heading-title elementor-size-default\">Ruta del Este<\/h2>\t\t<\/div>\n\t\t\t\t<\/div>\n\t\t\t\t<div class=\"elementor-element elementor-element-c5266cf elementor-widget elementor-widget-image\" data-id=\"c5266cf\" data-element_type=\"widget\" data-widget_type=\"image.default\">\n\t\t\t\t<div class=\"elementor-widget-container\">\n\t\t\t\t\t\t\t\t\t\t\t\t\t<img decoding=\"async\" src=\"https:\/\/rutapanamaeste-asp-prd001.azurewebsites.net\/wp-content\/uploads\/2024\/09\/img-talentooo-2@2x.png\" title=\"\" alt=\"\" loading=\"lazy\" \/>\t\t\t\t\t\t\t\t\t\t\t\t\t<\/div>\n\t\t\t\t<\/div>\n\t\t\t\t<\/div>\n\t\t<div class=\"elementor-element elementor-element-32865f2 e-flex e-con-boxed e-con e-parent\" data-id=\"32865f2\" data-element_type=\"container\">\n\t\t\t\t\t<div class=\"e-con-inner\">\n\t\t<div class=\"elementor-element elementor-element-54f88e4 e-flex e-con-boxed e-con e-child\" data-id=\"54f88e4\" data-element_type=\"container\">\n\t\t\t\t\t<div class=\"e-con-inner\">\n\t\t\t\t<div class=\"elementor-element elementor-element-d4644b6 elementor-widget elementor-widget-heading\" data-id=\"d4644b6\" data-element_type=\"widget\" data-widget_type=\"heading.default\">\n\t\t\t\t<div class=\"elementor-widget-container\">\n\t\t\t<h2 class=\"elementor-heading-title elementor-size-default\">Organization chart<\/h2>\t\t<\/div>\n\t\t\t\t<\/div>\n\t\t\t\t\t<\/div>\n\t\t\t\t<\/div>\n\t\t\t\t\t<\/div>\n\t\t\t\t<\/div>\n\t\t<div class=\"elementor-element elementor-element-f172f72 e-flex e-con-boxed e-con e-parent\" data-id=\"f172f72\" data-element_type=\"container\" data-settings=\"{&quot;background_background&quot;:&quot;classic&quot;}\">\n\t\t\t\t\t<div class=\"e-con-inner\">\n\t\t\t\t<div class=\"elementor-element elementor-element-108ff53 elementor-widget elementor-widget-image\" data-id=\"108ff53\" data-element_type=\"widget\" data-widget_type=\"image.default\">\n\t\t\t\t<div class=\"elementor-widget-container\">\n\t\t\t\t\t\t\t\t\t\t\t\t\t<img decoding=\"async\" src=\"\/wp-content\/uploads\/2025\/05\/Organigrama-1.svg\" class=\"attachment-full size-full wp-image-4512\" alt=\"\" \/>\t\t\t\t\t\t\t\t\t\t\t\t\t<\/div>\n\t\t\t\t<\/div>\n\t\t\t\t\t<\/div>\n\t\t\t\t<\/div>\n\t\t<div class=\"elementor-element elementor-element-5a51d06 e-flex e-con-boxed e-con e-parent\" data-id=\"5a51d06\" data-element_type=\"container\">\n\t\t\t\t\t<div class=\"e-con-inner\">\n\t\t<div class=\"elementor-element elementor-element-7f98b3c e-con-full e-flex e-con e-child\" data-id=\"7f98b3c\" data-element_type=\"container\">\n\t\t\t\t<div class=\"elementor-element elementor-element-15b4954 elementor-widget elementor-widget-image\" data-id=\"15b4954\" data-element_type=\"widget\" data-widget_type=\"image.default\">\n\t\t\t\t<div class=\"elementor-widget-container\">\n\t\t\t\t\t\t\t\t\t\t\t\t\t<img fetchpriority=\"high\" decoding=\"async\" width=\"689\" height=\"854\" src=\"\/wp-content\/uploads\/2024\/04\/foto-juanPablo@2x.png\" class=\"attachment-large size-large wp-image-1959\" alt=\"\" srcset=\"\/wp-content\/uploads\/2024\/04\/foto-juanPablo@2x.png 689w, \/wp-content\/uploads\/2024\/04\/foto-juanPablo@2x-242x300.png 242w, \/wp-content\/uploads\/2024\/04\/foto-juanPablo@2x-10x12.png 10w\" sizes=\"(max-width: 689px) 100vw, 689px\" \/>\t\t\t\t\t\t\t\t\t\t\t\t\t<\/div>\n\t\t\t\t<\/div>\n\t\t\t\t<\/div>\n\t\t<div class=\"elementor-element elementor-element-5964aaf e-con-full e-flex e-con e-child\" data-id=\"5964aaf\" data-element_type=\"container\">\n\t\t<div class=\"elementor-element elementor-element-27b2f30 e-flex e-con-boxed e-con e-child\" data-id=\"27b2f30\" data-element_type=\"container\">\n\t\t\t\t\t<div class=\"e-con-inner\">\n\t\t\t\t<div class=\"elementor-element elementor-element-6008b37 elementor-widget__width-initial elementor-widget-tablet__width-initial elementor-widget elementor-widget-heading\" data-id=\"6008b37\" data-element_type=\"widget\" data-widget_type=\"heading.default\">\n\t\t\t\t<div class=\"elementor-widget-container\">\n\t\t\t<h2 class=\"elementor-heading-title elementor-size-default\">Juan Pablo Buritic\u00e1 P. <\/h2>\t\t<\/div>\n\t\t\t\t<\/div>\n\t\t\t\t<div class=\"elementor-element elementor-element-4f0dab3 elementor-widget__width-initial elementor-widget-tablet__width-initial elementor-widget elementor-widget-heading\" data-id=\"4f0dab3\" data-element_type=\"widget\" data-widget_type=\"heading.default\">\n\t\t\t\t<div class=\"elementor-widget-container\">\n\t\t\t<h2 class=\"elementor-heading-title elementor-size-default\">General manager<\/h2>\t\t<\/div>\n\t\t\t\t<\/div>\n\t\t\t\t\t<\/div>\n\t\t\t\t<\/div>\n\t\t<div class=\"elementor-element elementor-element-c56a185 e-flex e-con-boxed e-con e-child\" data-id=\"c56a185\" data-element_type=\"container\">\n\t\t\t\t\t<div class=\"e-con-inner\">\n\t\t\t\t<div class=\"elementor-element elementor-element-7faff3b elementor-widget elementor-widget-text-editor\" data-id=\"7faff3b\" data-element_type=\"widget\" data-widget_type=\"text-editor.default\">\n\t\t\t\t<div class=\"elementor-widget-container\">\n\t\t\t\t\t\t\t<p>Civil Engineer from Universidad Javeriana, Bogot\u00e1, Colombia, with more than 28 years of experience in project management and business portfolios in infrastructure projects, such as transport and energy.<\/p><p>His experience includes structuring of Public-Private Partnership (PPP) projects as well as leading the preparation of bids for road concessions in Colombia, for: V\u00eda Pac\u00edfico (Buga \u2013 Buenaventura) and DCO (Doble Calzada a Oriente), Ruta del Agua (Santuario Ca\u00f1o Alegre) in Colombia.<\/p><p>As part of his international experience, he served as Project Manager for projects in Panama, Colombia, Mexico, and the Dominican Republic.<\/p><p>Before joining ISA, he served as Director of Business and Contractual Strategy for Vinci Construction in Colombia.<\/p>\t\t\t\t\t\t<\/div>\n\t\t\t\t<\/div>\n\t\t\t\t\t<\/div>\n\t\t\t\t<\/div>\n\t\t\t\t<\/div>\n\t\t\t\t\t<\/div>\n\t\t\t\t<\/div>\n\t\t<div class=\"elementor-element elementor-element-9458b5f e-con-full elementor-hidden-desktop elementor-hidden-tablet elementor-hidden-mobile e-flex e-con e-parent\" data-id=\"9458b5f\" data-element_type=\"container\" data-settings=\"{&quot;background_background&quot;:&quot;classic&quot;}\">\n\t\t<div class=\"elementor-element elementor-element-4257555 e-con-full e-flex e-con e-child\" data-id=\"4257555\" data-element_type=\"container\" data-settings=\"{&quot;background_background&quot;:&quot;classic&quot;,&quot;position&quot;:&quot;absolute&quot;}\">\n\t\t<div class=\"elementor-element elementor-element-998adb4 e-con-full e-flex e-con e-child\" data-id=\"998adb4\" data-element_type=\"container\">\n\t\t\t\t<div class=\"elementor-element elementor-element-9c5ebd2 elementor-widget elementor-widget-image\" data-id=\"9c5ebd2\" data-element_type=\"widget\" data-widget_type=\"image.default\">\n\t\t\t\t<div class=\"elementor-widget-container\">\n\t\t\t\t\t\t\t\t\t\t\t\t\t\t<a href=\"https:\/\/www.intervialchile.cl\/rutacostera\/\">\n\t\t\t\t\t\t\t<img decoding=\"async\" src=\"https:\/\/rutapanamaeste-asp-prd001.azurewebsites.net\/wp-content\/uploads\/2024\/03\/RUTA-DEL-ESTE-logotipo-corporativo-RGB@2x.png\" title=\"\" alt=\"\" loading=\"lazy\" \/>\t\t\t\t\t\t\t\t<\/a>\n\t\t\t\t\t\t\t\t\t\t\t\t\t<\/div>\n\t\t\t\t<\/div>\n\t\t\t\t<\/div>\n\t\t<div class=\"elementor-element elementor-element-1d510c2 e-con-full e-flex e-con e-child\" data-id=\"1d510c2\" data-element_type=\"container\">\n\t\t\t\t<div class=\"elementor-element elementor-element-689cadc elementor-icon-list--layout-traditional elementor-list-item-link-full_width elementor-widget elementor-widget-icon-list\" data-id=\"689cadc\" data-element_type=\"widget\" data-widget_type=\"icon-list.default\">\n\t\t\t\t<div class=\"elementor-widget-container\">\n\t\t\t\t\t<ul class=\"elementor-icon-list-items\">\n\t\t\t\t\t\t\t<li class=\"elementor-icon-list-item\">\n\t\t\t\t\t\t\t\t\t\t<span class=\"elementor-icon-list-text\">About us<\/span>\n\t\t\t\t\t\t\t\t\t<\/li>\n\t\t\t\t\t\t\t\t<li class=\"elementor-icon-list-item\">\n\t\t\t\t\t\t\t\t\t\t<span class=\"elementor-icon-list-text\">The route<\/span>\n\t\t\t\t\t\t\t\t\t<\/li>\n\t\t\t\t\t\t\t\t<li class=\"elementor-icon-list-item\">\n\t\t\t\t\t\t\t\t\t\t<span class=\"elementor-icon-list-text\">Contact us\u00a0<\/span>\n\t\t\t\t\t\t\t\t\t<\/li>\n\t\t\t\t\t\t<\/ul>\n\t\t\t\t<\/div>\n\t\t\t\t<\/div>\n\t\t\t\t<\/div>\n\t\t<div class=\"elementor-element elementor-element-b3d0370 e-con-full e-flex e-con e-child\" data-id=\"b3d0370\" data-element_type=\"container\">\n\t\t\t\t<div class=\"elementor-element elementor-element-7dcda93 elementor-icon-list--layout-traditional elementor-list-item-link-full_width elementor-widget elementor-widget-icon-list\" data-id=\"7dcda93\" data-element_type=\"widget\" data-widget_type=\"icon-list.default\">\n\t\t\t\t<div class=\"elementor-widget-container\">\n\t\t\t\t\t<ul class=\"elementor-icon-list-items\">\n\t\t\t\t\t\t\t<li class=\"elementor-icon-list-item\">\n\t\t\t\t\t\t\t\t\t\t<span class=\"elementor-icon-list-text\">Emergency assistance<\/span>\n\t\t\t\t\t\t\t\t\t<\/li>\n\t\t\t\t\t\t\t\t<li class=\"elementor-icon-list-item\">\n\t\t\t\t\t\t\t\t\t\t<span class=\"elementor-icon-list-text\">Emergency telephone number <\/span>\n\t\t\t\t\t\t\t\t\t<\/li>\n\t\t\t\t\t\t<\/ul>\n\t\t\t\t<\/div>\n\t\t\t\t<\/div>\n\t\t\t\t<\/div>\n\t\t<div class=\"elementor-element elementor-element-46316c1 e-con-full e-flex e-con e-child\" data-id=\"46316c1\" data-element_type=\"container\">\n\t\t\t\t<div class=\"elementor-element elementor-element-dc22075 elementor-widget elementor-widget-heading\" data-id=\"dc22075\" data-element_type=\"widget\" data-widget_type=\"heading.default\">\n\t\t\t\t<div class=\"elementor-widget-container\">\n\t\t\t<h6 class=\"elementor-heading-title elementor-size-default\">Follow us\n<\/h6>\t\t<\/div>\n\t\t\t\t<\/div>\n\t\t\t\t<div class=\"elementor-element elementor-element-bcd18a4 elementor-mobile-align-center elementor-icon-list--layout-traditional elementor-list-item-link-full_width elementor-widget elementor-widget-icon-list\" data-id=\"bcd18a4\" data-element_type=\"widget\" data-widget_type=\"icon-list.default\">\n\t\t\t\t<div class=\"elementor-widget-container\">\n\t\t\t\t\t<ul class=\"elementor-icon-list-items\">\n\t\t\t\t\t\t\t<li class=\"elementor-icon-list-item\">\n\t\t\t\t\t\t\t\t\t\t\t<a href=\"\/en\/peajes\/\">\n\n\t\t\t\t\t\t\t\t\t\t\t<span class=\"elementor-icon-list-text\">@RutadelEste_ <\/span>\n\t\t\t\t\t\t\t\t\t\t\t<\/a>\n\t\t\t\t\t\t\t\t\t<\/li>\n\t\t\t\t\t\t\t\t<li class=\"elementor-icon-list-item\">\n\t\t\t\t\t\t\t\t\t\t\t<span class=\"elementor-icon-list-icon\">\n\t\t\t\t\t\t\t<svg aria-hidden=\"true\" class=\"e-font-icon-svg e-fab-x-twitter\" viewbox=\"0 0 512 512\" xmlns=\"http:\/\/www.w3.org\/2000\/svg\"><path d=\"M389.2 48h70.6L305.6 224.2 487 464H345L233.7 318.6 106.5 464H35.8L200.7 275.5 26.8 48H172.4L272.9 180.9 389.2 48zM364.4 421.8h39.1L151.1 88h-42L364.4 421.8z\"><\/path><\/svg>\t\t\t\t\t\t<\/span>\n\t\t\t\t\t\t\t\t\t\t<span class=\"elementor-icon-list-text\"><\/span>\n\t\t\t\t\t\t\t\t\t<\/li>\n\t\t\t\t\t\t<\/ul>\n\t\t\t\t<\/div>\n\t\t\t\t<\/div>\n\t\t\t\t<\/div>\n\t\t\t\t<\/div>\n\t\t\t\t<\/div>\n\t\t<div class=\"elementor-element elementor-element-f8eae61 elementor-hidden-desktop elementor-hidden-tablet elementor-hidden-mobile e-flex e-con-boxed e-con e-parent\" data-id=\"f8eae61\" data-element_type=\"container\">\n\t\t\t\t\t<div class=\"e-con-inner\">\n\t\t\t\t<div class=\"elementor-element elementor-element-c7ab9d2 elementor-widget elementor-widget-heading\" data-id=\"c7ab9d2\" data-element_type=\"widget\" data-widget_type=\"heading.default\">\n\t\t\t\t<div class=\"elementor-widget-container\">\n\t\t\t<h2 class=\"elementor-heading-title elementor-size-default\">Copyright \u00a9 2024 Ruta del Este<\/h2>\t\t<\/div>\n\t\t\t\t<\/div>\n\t\t\t\t\t<\/div>\n\t\t\t\t<\/div>\n\t\t\t\t<\/div>","protected":false},"excerpt":{"rendered":"<p>Talento Ruta del Este Organigrama Juan Pablo Buritic\u00e1 P. Gerente General Ingeniero civil de la Universidad Javeriana de Bogot\u00e1 en Colombia, con m\u00e1s de 28 a\u00f1os de experiencia en gerencia de proyectos y portafolio de negocios a nivel nacional e internacional en proyectos del sector energ\u00e9tico y de infraestructura de transporte. Dentro de su experiencia [&hellip;]<\/p>","protected":false},"author":2,"featured_media":0,"parent":0,"menu_order":0,"comment_status":"closed","ping_status":"closed","template":"","meta":{"footnotes":""},"_links":{"self":[{"href":"https:\/\/www.rutadeleste.pa\/en\/wp-json\/wp\/v2\/pages\/34"}],"collection":[{"href":"https:\/\/www.rutadeleste.pa\/en\/wp-json\/wp\/v2\/pages"}],"about":[{"href":"https:\/\/www.rutadeleste.pa\/en\/wp-json\/wp\/v2\/types\/page"}],"author":[{"embeddable":true,"href":"https:\/\/www.rutadeleste.pa\/en\/wp-json\/wp\/v2\/users\/2"}],"replies":[{"embeddable":true,"href":"https:\/\/www.rutadeleste.pa\/en\/wp-json\/wp\/v2\/comments?post=34"}],"version-history":[{"count":12,"href":"https:\/\/www.rutadeleste.pa\/en\/wp-json\/wp\/v2\/pages\/34\/revisions"}],"predecessor-version":[{"id":4518,"href":"https:\/\/www.rutadeleste.pa\/en\/wp-json\/wp\/v2\/pages\/34\/revisions\/4518"}],"wp:attachment":[{"href":"https:\/\/www.rutadeleste.pa\/en\/wp-json\/wp\/v2\/media?parent=34"}],"curies":[{"name":"wp","href":"https:\/\/api.w.org\/{rel}","templated":true}]}}