{"id":2186,"date":"2024-04-25T16:37:50","date_gmt":"2024-04-25T16:37:50","guid":{"rendered":"https:\/\/rutapanamaeste-asp-prd001.azurewebsites.net\/?page_id=2186"},"modified":"2025-05-26T23:00:06","modified_gmt":"2025-05-26T23:00:06","slug":"estado-de-la-ruta","status":"publish","type":"page","link":"https:\/\/www.rutadeleste.pa\/en\/estado-de-la-ruta\/","title":{"rendered":"Route Status"},"content":{"rendered":"<div data-elementor-type=\"wp-page\" data-elementor-id=\"2186\" class=\"elementor elementor-2186\" data-elementor-post-type=\"page\">\n\t\t\t\t<div class=\"elementor-element elementor-element-63375df e-con-full e-flex e-con e-parent\" data-id=\"63375df\" data-element_type=\"container\">\n\t\t\t\t<div class=\"elementor-element elementor-element-7b98342 elementor-widget elementor-widget-html\" data-id=\"7b98342\" data-element_type=\"widget\" data-widget_type=\"html.default\">\n\t\t\t\t<div class=\"elementor-widget-container\">\n\t\t\t<iframe src=\"https:\/\/panama.zeroninelatam.com:8443\/GalgoR2SPanamericanaEste\/mapa.jsp?id=16\" style=\"width:100%; height: 1366px ;\"><\/iframe>\t\t<\/div>\n\t\t\t\t<\/div>\n\t\t\t\t<\/div>\n\t\t<div class=\"elementor-element elementor-element-59d68a8 e-flex e-con-boxed e-con e-parent\" data-id=\"59d68a8\" data-element_type=\"container\">\n\t\t\t\t\t<div class=\"e-con-inner\">\n\t\t\t\t<div class=\"elementor-element elementor-element-6e4ae96 elementor-widget elementor-widget-spacer\" data-id=\"6e4ae96\" data-element_type=\"widget\" data-widget_type=\"spacer.default\">\n\t\t\t\t<div class=\"elementor-widget-container\">\n\t\t\t\t\t<div class=\"elementor-spacer\">\n\t\t\t<div class=\"elementor-spacer-inner\"><\/div>\n\t\t<\/div>\n\t\t\t\t<\/div>\n\t\t\t\t<\/div>\n\t\t\t\t\t<\/div>\n\t\t\t\t<\/div>\n\t\t<div class=\"elementor-element elementor-element-41480f1 elementor-hidden-desktop elementor-hidden-tablet elementor-hidden-mobile e-flex e-con-boxed e-con e-parent\" data-id=\"41480f1\" data-element_type=\"container\">\n\t\t\t\t\t<div class=\"e-con-inner\">\n\t\t<div class=\"elementor-element elementor-element-7d93d04 e-con-full e-flex e-con e-child\" data-id=\"7d93d04\" data-element_type=\"container\">\n\t\t\t\t<div class=\"elementor-element elementor-element-3c2747d elementor-widget elementor-widget-heading\" data-id=\"3c2747d\" data-element_type=\"widget\" data-widget_type=\"heading.default\">\n\t\t\t\t<div class=\"elementor-widget-container\">\n\t\t\t<h2 class=\"elementor-heading-title elementor-size-default\">Informaci\u00f3n de inter\u00e9s <\/h2>\t\t<\/div>\n\t\t\t\t<\/div>\n\t\t\t\t<\/div>\n\t\t<div class=\"elementor-element elementor-element-f875bb8 e-con-full e-flex e-con e-child\" data-id=\"f875bb8\" data-element_type=\"container\">\n\t\t\t\t<\/div>\n\t\t\t\t\t<\/div>\n\t\t\t\t<\/div>\n\t\t<div class=\"elementor-element elementor-element-72a7eb8 elementor-hidden-desktop elementor-hidden-tablet elementor-hidden-mobile e-flex e-con-boxed e-con e-parent\" data-id=\"72a7eb8\" data-element_type=\"container\">\n\t\t\t\t\t<div class=\"e-con-inner\">\n\t\t<div class=\"elementor-element elementor-element-e8df1f4 e-con-full e-flex e-con e-child\" data-id=\"e8df1f4\" data-element_type=\"container\">\n\t\t\t\t<div class=\"elementor-element elementor-element-bf71c04 elementor-widget elementor-widget-heading\" data-id=\"bf71c04\" data-element_type=\"widget\" data-widget_type=\"heading.default\">\n\t\t\t\t<div class=\"elementor-widget-container\">\n\t\t\t<p class=\"elementor-heading-title elementor-size-default\">Sobre intervenciones en la v\u00eda, entre las comunidades de Ca\u00f1itas de Chepo en la provincia de Panam\u00e1 y Agua Fr\u00eda N\u00b0 1 en la provincia de Dari\u00e9n<\/p>\t\t<\/div>\n\t\t\t\t<\/div>\n\t\t\t\t<div class=\"elementor-element elementor-element-0f50ab2 elementor-widget elementor-widget-heading\" data-id=\"0f50ab2\" data-element_type=\"widget\" data-widget_type=\"heading.default\">\n\t\t\t\t<div class=\"elementor-widget-container\">\n\t\t\t<h5 class=\"elementor-heading-title elementor-size-default\">25 de julio de 2024<\/h5>\t\t<\/div>\n\t\t\t\t<\/div>\n\t\t\t\t<div class=\"elementor-element elementor-element-0679bec elementor-widget elementor-widget-image\" data-id=\"0679bec\" data-element_type=\"widget\" data-widget_type=\"image.default\">\n\t\t\t\t<div class=\"elementor-widget-container\">\n\t\t\t\t\t\t\t\t\t\t\t\t\t<img fetchpriority=\"high\" decoding=\"async\" width=\"576\" height=\"162\" src=\"\/wp-content\/uploads\/2024\/03\/RUTA-DEL-ESTE-logotipo-corporativo-RGB@2x.png\" class=\"attachment-large size-large wp-image-1709\" alt=\"\" srcset=\"\/wp-content\/uploads\/2024\/03\/RUTA-DEL-ESTE-logotipo-corporativo-RGB@2x.png 576w, \/wp-content\/uploads\/2024\/03\/RUTA-DEL-ESTE-logotipo-corporativo-RGB@2x-300x84.png 300w, \/wp-content\/uploads\/2024\/03\/RUTA-DEL-ESTE-logotipo-corporativo-RGB@2x-18x5.png 18w\" sizes=\"(max-width: 576px) 100vw, 576px\" \/>\t\t\t\t\t\t\t\t\t\t\t\t\t<\/div>\n\t\t\t\t<\/div>\n\t\t\t\t<div class=\"elementor-element elementor-element-a431442 elementor-widget elementor-widget-button\" data-id=\"a431442\" data-element_type=\"widget\" data-widget_type=\"button.default\">\n\t\t\t\t<div class=\"elementor-widget-container\">\n\t\t\t\t\t\t\t<div class=\"elementor-button-wrapper\">\n\t\t\t\t\t<a class=\"elementor-button elementor-button-link elementor-size-sm\" href=\"https:\/\/d0fd0d4ef075fadb-endpoint.azureedge.net\/wpblobf0ca87096c\/wp-content\/uploads\/2024\/07\/Sobre-intervenciones-en-la-via_entre-las-comunidades-de-Canitas-de-Chepo-en-la-provincia-de-Panama-y-Agua-Fria-N\u00b0-1-en-la-provincia-de-Darien_25-de-julio_2024.pdf\" target=\"_blank\">\n\t\t\t\t\t\t<span class=\"elementor-button-content-wrapper\">\n\t\t\t\t\t\t\t\t\t<span class=\"elementor-button-text\">See More<\/span>\n\t\t\t\t\t<\/span>\n\t\t\t\t\t<\/a>\n\t\t\t\t<\/div>\n\t\t\t\t\t\t<\/div>\n\t\t\t\t<\/div>\n\t\t\t\t<\/div>\n\t\t<div class=\"elementor-element elementor-element-f7f344d e-con-full e-flex e-con e-child\" data-id=\"f7f344d\" data-element_type=\"container\">\n\t\t\t\t<\/div>\n\t\t\t\t\t<\/div>\n\t\t\t\t<\/div>\n\t\t\t\t<\/div>","protected":false},"excerpt":{"rendered":"<p>Informaci\u00f3n de inter\u00e9s Sobre intervenciones en la v\u00eda, entre las comunidades de Ca\u00f1itas de Chepo en la provincia de Panam\u00e1 y Agua Fr\u00eda N\u00b0 1 en la provincia de Dari\u00e9n 25 de julio de 2024 Ver m\u00e1s<\/p>","protected":false},"author":2,"featured_media":0,"parent":0,"menu_order":0,"comment_status":"closed","ping_status":"closed","template":"","meta":{"footnotes":""},"_links":{"self":[{"href":"https:\/\/www.rutadeleste.pa\/en\/wp-json\/wp\/v2\/pages\/2186"}],"collection":[{"href":"https:\/\/www.rutadeleste.pa\/en\/wp-json\/wp\/v2\/pages"}],"about":[{"href":"https:\/\/www.rutadeleste.pa\/en\/wp-json\/wp\/v2\/types\/page"}],"author":[{"embeddable":true,"href":"https:\/\/www.rutadeleste.pa\/en\/wp-json\/wp\/v2\/users\/2"}],"replies":[{"embeddable":true,"href":"https:\/\/www.rutadeleste.pa\/en\/wp-json\/wp\/v2\/comments?post=2186"}],"version-history":[{"count":6,"href":"https:\/\/www.rutadeleste.pa\/en\/wp-json\/wp\/v2\/pages\/2186\/revisions"}],"predecessor-version":[{"id":4587,"href":"https:\/\/www.rutadeleste.pa\/en\/wp-json\/wp\/v2\/pages\/2186\/revisions\/4587"}],"wp:attachment":[{"href":"https:\/\/www.rutadeleste.pa\/en\/wp-json\/wp\/v2\/media?parent=2186"}],"curies":[{"name":"wp","href":"https:\/\/api.w.org\/{rel}","templated":true}]}}